{"id":2,"date":"2018-03-26T21:37:25","date_gmt":"2018-03-26T21:37:25","guid":{"rendered":"https:\/\/bungalowsteresitacoloner.com.ar\/\/?page_id=2"},"modified":"2019-01-03T13:27:22","modified_gmt":"2019-01-03T16:27:22","slug":"sample-page","status":"publish","type":"page","link":"https:\/\/bungalowsteresitacoloner.com.ar\/","title":{"rendered":"Inicio"},"content":{"rendered":"\n<pre class=\"wp-block-code\"><code><style>pre { background: transparent; padding: 0; } .fastslider-container.fs-loading-preloader { height: 338px; }<\/style><script>jQuery(document).ready(function($){\t\r\n\t\t\t\r\n\t\t\t\t\t$(function() {\r\n\t\t\t\t\t\tvar fastslider1 = $(\"#adt-fastslider-1\").slippry({\r\n\t\t\t\t\t\t\ttransition: 'fade',\r\n\t\t\t\t\t\t\tuseCSS: true,\r\n\t\t\t\t\t\t\tspeed: 2000,\r\n\t\t\t\t\t\t\tpause: 4000,\r\n\t\t\t\t\t\t\tautoHover: true,\r\n\t\t\t\t\t\t\tpager: false,\r\n\t\t\t\t\t\t\tcontrols: true,\t\t\t\t\t\r\n\t\t\t\t\t\t\tauto: true,\t\t\r\n\t\t\t\t\t\t\tloop: true,\r\n\t\t\t\t\t\t\tonSlideAfter: function () {\t\t\t\t\t\t\t\t\t\t\t\t\t\t\r\n\t\t\t\t\t\t\t\t\t\t\t\t\r\n\t\t\t\t\t\t\t\t\t\tvar delayadttext0 = $('.sy-active .adt-text-0').attr(\"data-delay\");\r\n\t\t\t\t\t\t\t\t\t\tvar effect0 = $('.sy-active .adt-text-0').attr(\"data-effect\");\r\n\t\t\t\t\t\t\t\t\t\t\r\n\t\t\t\t\t\t\t\t\t\tsetTimeout(function() { \r\n\t\t\t\t\t\t\t\t\t\t\t\t$('.adt-text-0').removeAttr('class').addClass('adt-text-0').addClass('no-animation'); \r\n\t\t\t\t\t\t\t\t\t\t\t\t$('.sy-active .adt-text-0').removeClass('no-animation').addClass('animation').addClass(effect0); }\r\n\t\t\t\t\t\t\t\t\t\t, delayadttext0);\r\n\t\t\t\t\t\t\t\t\t\t\r\n\t\t\t\t\t\t\t\t\t\t\t\t\r\n\t\t\t\t\t\t\t\t\t\tvar delayadttext1 = $('.sy-active .adt-text-1').attr(\"data-delay\");\r\n\t\t\t\t\t\t\t\t\t\tvar effect1 = $('.sy-active .adt-text-1').attr(\"data-effect\");\r\n\t\t\t\t\t\t\t\t\t\t\r\n\t\t\t\t\t\t\t\t\t\tsetTimeout(function() { \r\n\t\t\t\t\t\t\t\t\t\t\t\t$('.adt-text-1').removeAttr('class').addClass('adt-text-1').addClass('no-animation'); \r\n\t\t\t\t\t\t\t\t\t\t\t\t$('.sy-active .adt-text-1').removeClass('no-animation').addClass('animation').addClass(effect1); }\r\n\t\t\t\t\t\t\t\t\t\t, delayadttext1);\r\n\t\t\t\t\t\t\t\t\t\t\r\n\t\t\t\t\t\t\t\t\t\t\t\t\r\n\t\t\t\t\t\t\t\t\t\tvar delayadttext2 = $('.sy-active .adt-text-2').attr(\"data-delay\");\r\n\t\t\t\t\t\t\t\t\t\tvar effect2 = $('.sy-active .adt-text-2').attr(\"data-effect\");\r\n\t\t\t\t\t\t\t\t\t\t\r\n\t\t\t\t\t\t\t\t\t\tsetTimeout(function() { \r\n\t\t\t\t\t\t\t\t\t\t\t\t$('.adt-text-2').removeAttr('class').addClass('adt-text-2').addClass('no-animation'); \r\n\t\t\t\t\t\t\t\t\t\t\t\t$('.sy-active .adt-text-2').removeClass('no-animation').addClass('animation').addClass(effect2); }\r\n\t\t\t\t\t\t\t\t\t\t, delayadttext2);\r\n\t\t\r\n\t\t\t\t\t\t\t\t\t\t\t\t\r\n\t\t\t\t\t\t\t\t\t\tvar delayadttext3 = $('.sy-active .adt-text-3').attr(\"data-delay\");\r\n\t\t\t\t\t\t\t\t\t\tvar effect3 = $('.sy-active .adt-text-3').attr(\"data-effect\");\r\n\t\t\t\t\t\t\t\t\t\t\r\n\t\t\t\t\t\t\t\t\t\tsetTimeout(function() { \r\n\t\t\t\t\t\t\t\t\t\t\t\t$('.adt-text-3').removeAttr('class').addClass('adt-text-3').addClass('no-animation'); \r\n\t\t\t\t\t\t\t\t\t\t\t\t$('.sy-active .adt-text-3').removeClass('no-animation').addClass('animation').addClass(effect3); }\r\n\t\t\t\t\t\t\t\t\t\t, delayadttext3);\t\r\n\t\t\t\t\t\t\t\t\t\t\r\n\t\t\t\t\t\t\t\t\t\t\t\t\r\n\t\t\t\t\t\t\t\t\t\tvar delayadttext4 = $('.sy-active .adt-text-4').attr(\"data-delay\");\r\n\t\t\t\t\t\t\t\t\t\tvar effect4 = $('.sy-active .adt-text-4').attr(\"data-effect\");\r\n\t\t\t\t\t\t\t\t\t\t\r\n\t\t\t\t\t\t\t\t\t\tsetTimeout(function() { \r\n\t\t\t\t\t\t\t\t\t\t\t\t$('.adt-text-4').removeAttr('class').addClass('adt-text-4').addClass('no-animation'); \r\n\t\t\t\t\t\t\t\t\t\t\t\t$('.sy-active .adt-text-4').removeClass('no-animation').addClass('animation').addClass(effect4); }\r\n\t\t\t\t\t\t\t\t\t\t, delayadttext4);\t\t\t\t\t\t\t\t\r\n\t\t\t\t\t\t\t\t\t\t\r\n\t\t\t\t\t\t\t\t\t\t\t\t\r\n\t\t\t\t\t\t\t\t\t\tvar delayadttext5 = $('.sy-active .adt-text-5').attr(\"data-delay\");\r\n\t\t\t\t\t\t\t\t\t\tvar effect5 = $('.sy-active .adt-text-5').attr(\"data-effect\");\r\n\t\t\t\t\t\t\t\t\t\t\r\n\t\t\t\t\t\t\t\t\t\tsetTimeout(function() { \r\n\t\t\t\t\t\t\t\t\t\t\t\t$('.adt-text-5').removeAttr('class').addClass('adt-text-5').addClass('no-animation'); \r\n\t\t\t\t\t\t\t\t\t\t\t\t$('.sy-active .adt-text-5').removeClass('no-animation').addClass('animation').addClass(effect5); }\r\n\t\t\t\t\t\t\t\t\t\t, delayadttext5);\t\t\t\t\t\t\t\t\r\n\t\t\r\n\t\t\t\t\t\t\t\t\t\t\t\t\r\n\t\t\t\t\t\t\t\t\t\tvar delayadttext6 = $('.sy-active .adt-text-6').attr(\"data-delay\");\r\n\t\t\t\t\t\t\t\t\t\tvar effect6 = $('.sy-active .adt-text-6').attr(\"data-effect\");\r\n\t\t\t\t\t\t\t\t\t\t\r\n\t\t\t\t\t\t\t\t\t\tsetTimeout(function() { \r\n\t\t\t\t\t\t\t\t\t\t\t\t$('.adt-text-6').removeAttr('class').addClass('adt-text-6').addClass('no-animation'); \r\n\t\t\t\t\t\t\t\t\t\t\t\t$('.sy-active .adt-text-6').removeClass('no-animation').addClass('animation').addClass(effect6); }\r\n\t\t\t\t\t\t\t\t\t\t, delayadttext6);\r\n\t\t\r\n\t\t\t\t\t\t\t\t\t\t\t\t\r\n\t\t\t\t\t\t\t\t\t\tvar delayadttext7 = $('.sy-active .adt-text-7').attr(\"data-delay\");\r\n\t\t\t\t\t\t\t\t\t\tvar effect7 = $('.sy-active .adt-text-7').attr(\"data-effect\");\r\n\t\t\t\t\t\t\t\t\t\t\r\n\t\t\t\t\t\t\t\t\t\tsetTimeout(function() { \r\n\t\t\t\t\t\t\t\t\t\t\t\t$('.adt-text-7').removeAttr('class').addClass('adt-text-7').addClass('no-animation'); \r\n\t\t\t\t\t\t\t\t\t\t\t\t$('.sy-active .adt-text-7').removeClass('no-animation').addClass('animation').addClass(effect7); }\r\n\t\t\t\t\t\t\t\t\t\t, delayadttext7);\r\n\t\t\r\n\t\t\t\t\t\t\t\t\t\t\t\r\n\t\t\t\t\t\t\t\t\t\tvar delayadttext8 = $('.sy-active .adt-text-8').attr(\"data-delay\");\r\n\t\t\t\t\t\t\t\t\t\tvar effect8 = $('.sy-active .adt-text-8').attr(\"data-effect\");\r\n\t\t\t\t\t\t\t\t\t\t\r\n\t\t\t\t\t\t\t\t\t\tsetTimeout(function() { \r\n\t\t\t\t\t\t\t\t\t\t\t\t$('.adt-text-8').removeAttr('class').addClass('adt-text-8').addClass('no-animation'); \r\n\t\t\t\t\t\t\t\t\t\t\t\t$('.sy-active .adt-text-8').removeClass('no-animation').addClass('animation').addClass(effect8); }\r\n\t\t\t\t\t\t\t\t\t\t, delayadttext8);\r\n\t\t\r\n\t\t\t\r\n\t\t\t\t\t\t\t\t\t\tvar delayadttext9 = $('.sy-active .adt-text-9').attr(\"data-delay\");\r\n\t\t\t\t\t\t\t\t\t\tvar effect9 = $('.sy-active .adt-text-9').attr(\"data-effect\");\r\n\t\t\t\t\t\t\t\t\t\t\r\n\t\t\t\t\t\t\t\t\t\tsetTimeout(function() { \r\n\t\t\t\t\t\t\t\t\t\t\t\t$('.adt-text-9').removeAttr('class').addClass('adt-text-9').addClass('no-animation'); \r\n\t\t\t\t\t\t\t\t\t\t\t\t$('.sy-active .adt-text-9').removeClass('no-animation').addClass('animation').addClass(effect9); }\r\n\t\t\t\t\t\t\t\t\t\t, delayadttext9);\r\n\t\t\t\t\t\t\t\t\t\t\t\t\t\t\t\t\t\t\t\t\t\t\t\t\t\t\t\t\t\t\t\t\t \r\n\t\t\t\t\t\t\t}\r\n\t\t\t\t\t\t});\r\n\t\r\n\t\r\n\t\t\t\t\t\t});\t\t\t\t\r\n\t\t\t\t\t\r\n\t\t\t});<\/script><style>.adt-fastslider-container-1 .sy-controls li.sy-prev a:after, \r\n\t\t\t\t\t.adt-fastslider-container-1 .sy-controls li.sy-next a:after { \r\n\t\t\t\t\t\tbackground-color:rgba( 229 , 229 , 229 , 0.6)!important;\r\n\t\t\t\t\t\ttransition: background-color 0.3s ease 0s; \r\n\t\t\t\t\t}\r\n\t\t\t\t\t.adt-fastslider-container-1 .sy-controls li.sy-prev a:hover:after,\r\n\t\t\t\t\t.adt-fastslider-container-1 .sy-controls li.sy-next a:hover:after {\r\n\t\t\t\t\t\tbackground-color:#e5e5e5!important;\r\n\t\t\t\t\t\ttransition: background-color 0.3s ease 0s; \t\r\n\t\t\t\t\t}\r\n\t\t\t\t\t.adt-fastslider-container-1 .sy-pager li.sy-active a {\r\n\t\t\t\t\t\tborder:2px solid #e5e5e5!important;\r\n\t\t\t\t\t}\r\n\t\t\t\t\t.adt-fastslider-container-1 .fs-preload {\r\n\t\t\t\t\t\tbackground:;\r\n\t\t\t\t\t}\r\n\t\t\t\t\t.adt-fastslider-container-1 .spinner-plane, \r\n\t\t\t\t\t.adt-fastslider-container-1 .spinner-wave > div, \r\n\t\t\t\t\t.adt-fastslider-container-1 .spinner-bounce .double-bounce1, \r\n\t\t\t\t\t.adt-fastslider-container-1 .spinner-bounce .double-bounce2, \r\n\t\t\t\t\t.adt-fastslider-container-1 .spinner-cubes .cube1, \r\n\t\t\t\t\t.adt-fastslider-container-1 .spinner-cubes .cube2, \r\n\t\t\t\t\t.adt-fastslider-container-1 .spinner-pulse,  \r\n\t\t\t\t\t.adt-fastslider-container-1 .spinner-dots .dot1, \r\n\t\t\t\t\t.adt-fastslider-container-1 .spinner-dots .dot2, \r\n\t\t\t\t\t.adt-fastslider-container-1 .spinner-three-bounce > div,  \r\n\t\t\t\t\t.adt-fastslider-container-1 .spinner-circle .container1 > div, \r\n\t\t\t\t\t.adt-fastslider-container-1 .spinner-circle .container2 > div, \r\n\t\t\t\t\t.adt-fastslider-container-1 .spinner-circle .container3 > div { \r\n\t\t\t\t\t\tbackground:;\r\n\t\t\t\t\t}<\/style><div class=\"fastslider-container adt-fastslider-container-1 adt-fastslider-pagination-square adt-fastslider-navigation-square  fs-loading-preloader\"><ul id=\"adt-fastslider-1\" class=\"fastslider-slides-container\"><li><div class=\"adt-fastslider-pattern\" style=\"background-color:;opacity:0.6\"><\/div><img decoding=\"async\" src=\"https:\/\/bungalowsteresitacoloner.com.ar\/wp-content\/uploads\/2019\/01\/1.jpg\"><div class=\"adt-fastslider-positions\"><div class=\"adt-fastslider-middle\"><h4 class=\"adt-text-0 no-animation \" data-delay=\"0\" data-effect=\"none\" style=\"font-weight:normal;color:#ffffff;\">Bienvenidos a Bungalows Teresita<\/h4><div class=\"adt-block\"><\/div><\/div><\/div><\/li><li><div class=\"adt-fastslider-pattern\" style=\"background-color:;opacity:0.6\"><\/div><img decoding=\"async\" src=\"https:\/\/bungalowsteresitacoloner.com.ar\/wp-content\/uploads\/2019\/01\/2.jpg\"><div class=\"adt-fastslider-positions\"><\/div><\/li><li><div class=\"adt-fastslider-pattern\" style=\"background-color:;opacity:0.6\"><\/div><img decoding=\"async\" src=\"https:\/\/bungalowsteresitacoloner.com.ar\/wp-content\/uploads\/2019\/01\/3.jpg\"><div class=\"adt-fastslider-positions\"><\/div><\/li><li><div class=\"adt-fastslider-pattern\" style=\"background-color:;opacity:0.6\"><\/div><img decoding=\"async\" src=\"https:\/\/bungalowsteresitacoloner.com.ar\/wp-content\/uploads\/2019\/01\/4.jpg\"><div class=\"adt-fastslider-positions\"><\/div><\/li><\/ul><\/div><\/code><\/pre>\n\n\n<table style=\"width: 100%; border-collapse: collapse;\" border=\"0\" cellspacing=\"10px\">\n<tbody>\n<tr style=\"height: 25px;\">\n<td style=\"width: 282.609px; height: 25px; text-align: left; vertical-align: top;\">\n<h2><span style=\"color: #0083cb;\"><strong>Bienvenidos a Bungalows Teresita<\/strong><\/span><\/h2>\n<p><span style=\"font-weight: 400;\">Bungalows \u201cTeresita\u201d en la ciudad de Col\u00f3n ha estado recibiendo turistas por 15 a\u00f1os y siempre han sido atendido por sus due\u00f1os. Nuestro objetivo principal es ayudar a nuestros turistas como para que su estad\u00eda en nuestros bungalows sean inolvidables e inigualables. Nuestra filosof\u00eda es simple: \u201cel turista volver\u00e1 siempre y cuando haya sido atendido como corresponde\u201d. La mayor\u00eda de nuestros turistas son personas que ya han venido a\u00f1o tras a\u00f1o lo cual nos enorgullece y nos pone contentos ya que implica que lo que hemos estado haciendo a trav\u00e9s de los a\u00f1os no fue en vano. Aqu\u00ed estamos en la ciudad de Col\u00f3n esper\u00e1ndolos para brindarles lo mejor y lograr que sus vacaciones sean un tiempo de diversi\u00f3n y generar en cada uno de ustedes un estado de bienestar general.<\/span><\/p><\/td>\n<td style=\"width: 281.609px; height: 25px; text-align: left; vertical-align: top;\">\n<h2><span style=\"color: #808080;\"><strong>Bienvenidos a Col\u00f3n, Entre R\u00edos<\/strong><\/span><\/h2>\n<p><span style=\"font-weight: 400;\">Col\u00f3n es una ciudad que est\u00e1 situada sobre la costa del R\u00edo Uruguay, al este de la provincia de Entre R\u00edos. Esta ciudad les dar\u00e1 diferentes opciones dependiendo de los gustos de cada una de las personas. Ya sea para pasar sus vacaciones o tan solo para pasar un fin de semana largo. En Col\u00f3n usted experimentar\u00e1 una sensaci\u00f3n \u00fanica que har\u00e1 que se enamore de la ciudad una vez que la visite. La ciudad es un centro tur\u00edstico no solo a nivel regional sino tambi\u00e9n a nivel nacional. Turistas de diferentes provincias vienen a nuestra hermosa y rica ciudad cada a\u00f1o para disfrutar no solo de sus playas, bancos de arena, complejo termal, parque nacional entre otras cosas sino tambi\u00e9n de la cordialidad y amabilidad de los colonenses. Tan solo a unos kil\u00f3metros de la ciudad podr\u00e1 visitar lugares hist\u00f3ricos tales como El Molino Forclaz, El Palacio Urquiza, Centro Artesanal la Casona, etc.<\/span><\/p><\/td>\n<\/tr>\n<\/tbody>\n<\/table>","protected":false},"excerpt":{"rendered":"<p>Bienvenidos a Bungalows Teresita Bungalows \u201cTeresita\u201d en la ciudad de Col\u00f3n ha estado recibiendo turistas por 15 a\u00f1os y siempre han sido atendido por sus due\u00f1os. Nuestro objetivo principal es ayudar a nuestros turistas como para que su estad\u00eda en nuestros bungalows sean inolvidables e inigualables. Nuestra filosof\u00eda es simple: [&hellip;]<\/p>\n","protected":false},"author":1,"featured_media":0,"parent":0,"menu_order":0,"comment_status":"closed","ping_status":"open","template":"","meta":{"_monsterinsights_skip_tracking":false,"_monsterinsights_sitenote_active":false,"_monsterinsights_sitenote_note":"","_monsterinsights_sitenote_category":0,"spay_email":"","footnotes":""},"class_list":["post-2","page","type-page","status-publish","hentry"],"_links":{"self":[{"href":"https:\/\/bungalowsteresitacoloner.com.ar\/index.php\/wp-json\/wp\/v2\/pages\/2","targetHints":{"allow":["GET"]}}],"collection":[{"href":"https:\/\/bungalowsteresitacoloner.com.ar\/index.php\/wp-json\/wp\/v2\/pages"}],"about":[{"href":"https:\/\/bungalowsteresitacoloner.com.ar\/index.php\/wp-json\/wp\/v2\/types\/page"}],"author":[{"embeddable":true,"href":"https:\/\/bungalowsteresitacoloner.com.ar\/index.php\/wp-json\/wp\/v2\/users\/1"}],"replies":[{"embeddable":true,"href":"https:\/\/bungalowsteresitacoloner.com.ar\/index.php\/wp-json\/wp\/v2\/comments?post=2"}],"version-history":[{"count":15,"href":"https:\/\/bungalowsteresitacoloner.com.ar\/index.php\/wp-json\/wp\/v2\/pages\/2\/revisions"}],"predecessor-version":[{"id":477,"href":"https:\/\/bungalowsteresitacoloner.com.ar\/index.php\/wp-json\/wp\/v2\/pages\/2\/revisions\/477"}],"wp:attachment":[{"href":"https:\/\/bungalowsteresitacoloner.com.ar\/index.php\/wp-json\/wp\/v2\/media?parent=2"}],"curies":[{"name":"wp","href":"https:\/\/api.w.org\/{rel}","templated":true}]}}